{"id":1215,"date":"2025-11-17T14:45:41","date_gmt":"2025-11-17T14:45:41","guid":{"rendered":"https:\/\/pacificorigins.com\/?page_id=1215"},"modified":"2026-04-07T02:23:34","modified_gmt":"2026-04-07T02:23:34","slug":"como-cultivamos","status":"publish","type":"page","link":"https:\/\/pacificorigins.com\/en\/como-cultivamos\/","title":{"rendered":"How We Grow"},"content":{"rendered":"<div data-elementor-type=\"wp-page\" data-elementor-id=\"1215\" class=\"elementor elementor-1215\">\n\t\t\t\t<div class=\"elementor-element elementor-element-567cd89 e-flex e-con-boxed e-con e-parent\" data-id=\"567cd89\" data-element_type=\"container\" data-e-type=\"container\" data-settings=\"{&quot;background_background&quot;:&quot;classic&quot;}\">\n\t\t\t\t\t<div class=\"e-con-inner\">\n\t\t\t\t<div class=\"elementor-element elementor-element-af08630 elementor-widget elementor-widget-heading\" data-id=\"af08630\" data-element_type=\"widget\" data-e-type=\"widget\" data-widget_type=\"heading.default\">\n\t\t\t\t\t<h2 class=\"elementor-heading-title elementor-size-default\">HOW WE GROW<\/h2>\t\t\t\t<\/div>\n\t\t\t\t\t<\/div>\n\t\t\t\t<\/div>\n\t\t<div class=\"elementor-element elementor-element-d2cf815 e-con-full e-flex e-con e-parent\" data-id=\"d2cf815\" data-element_type=\"container\" data-e-type=\"container\" data-settings=\"{&quot;background_background&quot;:&quot;classic&quot;}\">\n\t\t<div class=\"elementor-element elementor-element-b0f3348 e-flex e-con-boxed e-con e-child\" data-id=\"b0f3348\" data-element_type=\"container\" data-e-type=\"container\">\n\t\t\t\t\t<div class=\"e-con-inner\">\n\t\t<div class=\"elementor-element elementor-element-c66e4d4 e-con-full e-flex e-con e-child\" data-id=\"c66e4d4\" data-element_type=\"container\" data-e-type=\"container\">\n\t\t\t\t<div class=\"elementor-element elementor-element-3d82009 elementor-widget elementor-widget-heading\" data-id=\"3d82009\" data-element_type=\"widget\" data-e-type=\"widget\" data-widget_type=\"heading.default\">\n\t\t\t\t\t<h2 class=\"elementor-heading-title elementor-size-default\">At<b> Pacific Origins,<\/b> we conduct our farming operations with a steadfast commitment to sustainability, efficiency and quality. We apply specialized technical management, continuous field monitoring and good agricultural practices that allow us to optimize water usage, nutrition,  supplies and waste management. This ensures a consistent, reliable and high-quality fruit.\n<\/h2>\t\t\t\t<\/div>\n\t\t\t\t<div class=\"elementor-element elementor-element-b5d782f elementor-widget elementor-widget-heading\" data-id=\"b5d782f\" data-element_type=\"widget\" data-e-type=\"widget\" data-widget_type=\"heading.default\">\n\t\t\t\t\t<h2 class=\"elementor-heading-title elementor-size-default\"><b>Discover our cultivation process for each of our fruits:<\/b><\/h2>\t\t\t\t<\/div>\n\t\t\t\t<\/div>\n\t\t<div class=\"elementor-element elementor-element-df20b24 e-con-full e-flex e-con e-child\" data-id=\"df20b24\" data-element_type=\"container\" data-e-type=\"container\">\n\t\t\t\t<div class=\"elementor-element elementor-element-1bf7bbf elementor-widget elementor-widget-button\" data-id=\"1bf7bbf\" data-element_type=\"widget\" data-e-type=\"widget\" data-widget_type=\"button.default\">\n\t\t\t\t\t\t\t\t\t\t<a class=\"elementor-button elementor-button-link elementor-size-sm\" href=\"https:\/\/pacificorigins.com\/en\/arandanos\/\">\n\t\t\t\t\t\t<span class=\"elementor-button-content-wrapper\">\n\t\t\t\t\t\t\t\t\t<span class=\"elementor-button-text\">BLUEBERRIES<\/span>\n\t\t\t\t\t<\/span>\n\t\t\t\t\t<\/a>\n\t\t\t\t\t\t\t\t<\/div>\n\t\t\t\t<div class=\"elementor-element elementor-element-4d51131 elementor-widget elementor-widget-button\" data-id=\"4d51131\" data-element_type=\"widget\" data-e-type=\"widget\" data-widget_type=\"button.default\">\n\t\t\t\t\t\t\t\t\t\t<a class=\"elementor-button elementor-button-link elementor-size-sm\" href=\"https:\/\/pacificorigins.com\/en\/pitahaya-roja\/\">\n\t\t\t\t\t\t<span class=\"elementor-button-content-wrapper\">\n\t\t\t\t\t\t\t\t\t<span class=\"elementor-button-text\">Dragon Fruit <\/span>\n\t\t\t\t\t<\/span>\n\t\t\t\t\t<\/a>\n\t\t\t\t\t\t\t\t<\/div>\n\t\t\t\t<\/div>\n\t\t\t\t<div class=\"elementor-element elementor-element-03731e1 elementor-widget elementor-widget-spacer\" data-id=\"03731e1\" data-element_type=\"widget\" data-e-type=\"widget\" data-widget_type=\"spacer.default\">\n\t\t\t\t\t\t\t<div class=\"elementor-spacer\">\n\t\t\t<div class=\"elementor-spacer-inner\"><\/div>\n\t\t<\/div>\n\t\t\t\t\t\t<\/div>\n\t\t\t\t\t<\/div>\n\t\t\t\t<\/div>\n\t\t\t\t<\/div>\n\t\t\t\t<\/div>","protected":false},"excerpt":{"rendered":"<p>c\u00f3mo cultivamos En Pacific Origins desarrollamos nuestras operaciones agr\u00edcolas con un firme compromiso con la sostenibilidad, la eficiencia y la calidad. Aplicamos manejo t\u00e9cnico especializado, monitoreo permanente en campo y buenas pr\u00e1cticas agr\u00edcolas que nos permiten optimizar el uso del agua, la nutrici\u00f3n, los insumos y residuos, garantizando una fruta uniforme, confiable y de alta [&hellip;]<\/p>\n","protected":false},"author":1,"featured_media":0,"parent":0,"menu_order":0,"comment_status":"closed","ping_status":"closed","template":"elementor_header_footer","meta":{"footnotes":""},"class_list":["post-1215","page","type-page","status-publish","hentry"],"_links":{"self":[{"href":"https:\/\/pacificorigins.com\/en\/wp-json\/wp\/v2\/pages\/1215","targetHints":{"allow":["GET"]}}],"collection":[{"href":"https:\/\/pacificorigins.com\/en\/wp-json\/wp\/v2\/pages"}],"about":[{"href":"https:\/\/pacificorigins.com\/en\/wp-json\/wp\/v2\/types\/page"}],"author":[{"embeddable":true,"href":"https:\/\/pacificorigins.com\/en\/wp-json\/wp\/v2\/users\/1"}],"replies":[{"embeddable":true,"href":"https:\/\/pacificorigins.com\/en\/wp-json\/wp\/v2\/comments?post=1215"}],"version-history":[{"count":37,"href":"https:\/\/pacificorigins.com\/en\/wp-json\/wp\/v2\/pages\/1215\/revisions"}],"predecessor-version":[{"id":2117,"href":"https:\/\/pacificorigins.com\/en\/wp-json\/wp\/v2\/pages\/1215\/revisions\/2117"}],"wp:attachment":[{"href":"https:\/\/pacificorigins.com\/en\/wp-json\/wp\/v2\/media?parent=1215"}],"curies":[{"name":"wp","href":"https:\/\/api.w.org\/{rel}","templated":true}]}}