{"id":1596,"date":"2026-01-07T19:02:57","date_gmt":"2026-01-07T19:02:57","guid":{"rendered":"https:\/\/pacificorigins.com\/?page_id=1596"},"modified":"2026-04-13T12:52:25","modified_gmt":"2026-04-13T12:52:25","slug":"arandanos","status":"publish","type":"page","link":"https:\/\/pacificorigins.com\/en\/arandanos\/","title":{"rendered":"Ar\u00e1ndanos"},"content":{"rendered":"<div data-elementor-type=\"wp-page\" data-elementor-id=\"1596\" class=\"elementor elementor-1596\">\n\t\t\t\t<div class=\"elementor-element elementor-element-39d625a e-flex e-con-boxed e-con e-parent\" data-id=\"39d625a\" data-element_type=\"container\" data-e-type=\"container\" data-settings=\"{&quot;background_background&quot;:&quot;video&quot;,&quot;background_video_link&quot;:&quot;https:\\\/\\\/pacificorigins.com\\\/wp-content\\\/uploads\\\/2026\\\/04\\\/VIDEO-BANNER-ARANDANOSn.mp4&quot;,&quot;background_play_on_mobile&quot;:&quot;yes&quot;}\">\n\t\t\t\t\t<div class=\"e-con-inner\">\n\t\t<div class=\"elementor-background-video-container\">\n\t\t\t\t\t\t\t<video class=\"elementor-background-video-hosted\" role=\"presentation\" autoplay muted playsinline loop><\/video>\n\t\t\t\t\t<\/div>\t\t<div class=\"elementor-element elementor-element-5f5781f elementor-widget elementor-widget-heading\" data-id=\"5f5781f\" data-element_type=\"widget\" data-e-type=\"widget\" data-widget_type=\"heading.default\">\n\t\t\t\t\t<h2 class=\"elementor-heading-title elementor-size-default\">BLUEBERRIES<\/h2>\t\t\t\t<\/div>\n\t\t\t\t\t<\/div>\n\t\t\t\t<\/div>\n\t\t<div class=\"elementor-element elementor-element-84286b0 e-con-full e-flex e-con e-parent\" data-id=\"84286b0\" data-element_type=\"container\" data-e-type=\"container\" data-settings=\"{&quot;background_background&quot;:&quot;classic&quot;}\">\n\t\t<div class=\"elementor-element elementor-element-3d3793f e-flex e-con-boxed e-con e-child\" data-id=\"3d3793f\" data-element_type=\"container\" data-e-type=\"container\">\n\t\t\t\t\t<div class=\"e-con-inner\">\n\t\t<div class=\"elementor-element elementor-element-f3348e5 e-con-full e-flex e-con e-child\" data-id=\"f3348e5\" data-element_type=\"container\" data-e-type=\"container\">\n\t\t\t\t<div class=\"elementor-element elementor-element-589ace0 elementor-widget elementor-widget-heading\" data-id=\"589ace0\" data-element_type=\"widget\" data-e-type=\"widget\" data-widget_type=\"heading.default\">\n\t\t\t\t\t<h2 class=\"elementor-heading-title elementor-size-default\">In our <b>blueberries<\/b> operations, we cultivate with a focus on sustainability, efficiency and quality. We grow in <b>substrate<\/b>, which allows us to manage irrigation and nutrition with greater precision, improving crop uniformity and fruit consistency. We implement continuous field monitoring and good agricultural practices to protect plant health and ensure reliable fruit quality.<\/h2>\t\t\t\t<\/div>\n\t\t\t\t<div class=\"elementor-element elementor-element-394fee4 elementor-widget elementor-widget-spacer\" data-id=\"394fee4\" data-element_type=\"widget\" data-e-type=\"widget\" data-widget_type=\"spacer.default\">\n\t\t\t\t\t\t\t<div class=\"elementor-spacer\">\n\t\t\t<div class=\"elementor-spacer-inner\"><\/div>\n\t\t<\/div>\n\t\t\t\t\t\t<\/div>\n\t\t\t\t<div class=\"elementor-element elementor-element-6d13a16 elementor-widget elementor-widget-heading\" data-id=\"6d13a16\" data-element_type=\"widget\" data-e-type=\"widget\" data-widget_type=\"heading.default\">\n\t\t\t\t\t<h2 class=\"elementor-heading-title elementor-size-default\">Our processes are aligned with international standards and supported by certifications such as <b>GlobalG.A.P<\/b>. and <b>BASC<\/b>, strengthening <b>food safety, traceability and security throughout<\/b> the entire operation. In addition, we promote the responsible management of  supplies and waste, creating value for our team members\n and for the communities connected to our production chain.<\/h2>\t\t\t\t<\/div>\n\t\t\t\t<\/div>\n\t\t\t\t<div class=\"elementor-element elementor-element-2056c80 e-n-tabs-mobile elementor-widget elementor-widget-n-tabs\" data-id=\"2056c80\" data-element_type=\"widget\" data-e-type=\"widget\" data-settings=\"{&quot;horizontal_scroll&quot;:&quot;disable&quot;}\" data-widget_type=\"nested-tabs.default\">\n\t\t\t\t\t\t\t<div class=\"e-n-tabs\" data-widget-number=\"33909888\" aria-label=\"Tabs. Open items with Enter or Space, close with Escape and navigate using the Arrow keys.\">\n\t\t\t<div class=\"e-n-tabs-heading\" role=\"tablist\">\n\t\t\t\t\t<button id=\"e-n-tab-title-339098881\" data-tab-title-id=\"e-n-tab-title-339098881\" class=\"e-n-tab-title\" aria-selected=\"true\" data-tab-index=\"1\" role=\"tab\" tabindex=\"0\" aria-controls=\"e-n-tab-content-339098881\" style=\"--n-tabs-title-order: 1;\">\n\t\t\t\t\t\t<span class=\"e-n-tab-title-text\">\n\t\t\t\tFruit Quality\t\t\t<\/span>\n\t\t<\/button>\n\t\t\t\t<button id=\"e-n-tab-title-339098882\" data-tab-title-id=\"e-n-tab-title-339098882\" class=\"e-n-tab-title\" aria-selected=\"false\" data-tab-index=\"2\" role=\"tab\" tabindex=\"-1\" aria-controls=\"e-n-tab-content-339098882\" style=\"--n-tabs-title-order: 2;\">\n\t\t\t\t\t\t<span class=\"e-n-tab-title-text\">\n\t\t\t\tSubstrate Production\t\t\t<\/span>\n\t\t<\/button>\n\t\t\t\t<button id=\"e-n-tab-title-339098883\" data-tab-title-id=\"e-n-tab-title-339098883\" class=\"e-n-tab-title\" aria-selected=\"false\" data-tab-index=\"3\" role=\"tab\" tabindex=\"-1\" aria-controls=\"e-n-tab-content-339098883\" style=\"--n-tabs-title-order: 3;\">\n\t\t\t\t\t\t<span class=\"e-n-tab-title-text\">\n\t\t\t\tWater Efficiency\t\t\t<\/span>\n\t\t<\/button>\n\t\t\t\t<button id=\"e-n-tab-title-339098884\" data-tab-title-id=\"e-n-tab-title-339098884\" class=\"e-n-tab-title\" aria-selected=\"false\" data-tab-index=\"4\" role=\"tab\" tabindex=\"-1\" aria-controls=\"e-n-tab-content-339098884\" style=\"--n-tabs-title-order: 4;\">\n\t\t\t\t\t\t<span class=\"e-n-tab-title-text\">\n\t\t\t\tTraceability\t\t\t<\/span>\n\t\t<\/button>\n\t\t\t\t<button id=\"e-n-tab-title-339098885\" data-tab-title-id=\"e-n-tab-title-339098885\" class=\"e-n-tab-title\" aria-selected=\"false\" data-tab-index=\"5\" role=\"tab\" tabindex=\"-1\" aria-controls=\"e-n-tab-content-339098885\" style=\"--n-tabs-title-order: 5;\">\n\t\t\t\t\t\t<span class=\"e-n-tab-title-text\">\n\t\t\t\tGood Agricultural Practices\t\t\t<\/span>\n\t\t<\/button>\n\t\t\t\t\t<\/div>\n\t\t\t<div class=\"e-n-tabs-content\">\n\t\t\t\t<div id=\"e-n-tab-content-339098881\" role=\"tabpanel\" aria-labelledby=\"e-n-tab-title-339098881\" data-tab-index=\"1\" style=\"--n-tabs-title-order: 1;\" class=\"e-active elementor-element elementor-element-4d06e45 e-con-full e-flex e-con e-child\" data-id=\"4d06e45\" data-element_type=\"container\" data-e-type=\"container\">\n\t\t<div class=\"elementor-element elementor-element-1adb42c e-flex e-con-boxed e-con e-child\" data-id=\"1adb42c\" data-element_type=\"container\" data-e-type=\"container\" data-settings=\"{&quot;background_background&quot;:&quot;classic&quot;}\">\n\t\t\t\t\t<div class=\"e-con-inner\">\n\t\t\t\t<div class=\"elementor-element elementor-element-6b5bbcc elementor-widget elementor-widget-heading\" data-id=\"6b5bbcc\" data-element_type=\"widget\" data-e-type=\"widget\" data-widget_type=\"heading.default\">\n\t\t\t\t\t<h2 class=\"elementor-heading-title elementor-size-default\"><b>Fruit Quality<br><\/b><br>We carefully manage every stage of the crop to achieve fruit that is consistent in size, firmness and condition, ready for demanding markets.<\/h2>\t\t\t\t<\/div>\n\t\t\t\t\t<\/div>\n\t\t\t\t<\/div>\n\t\t\t\t<\/div>\n\t\t<div id=\"e-n-tab-content-339098882\" role=\"tabpanel\" aria-labelledby=\"e-n-tab-title-339098882\" data-tab-index=\"2\" style=\"--n-tabs-title-order: 2;\" class=\"elementor-element elementor-element-c8e3974 e-con-full e-flex e-con e-child\" data-id=\"c8e3974\" data-element_type=\"container\" data-e-type=\"container\">\n\t\t<div class=\"elementor-element elementor-element-3b59dc2 e-flex e-con-boxed e-con e-child\" data-id=\"3b59dc2\" data-element_type=\"container\" data-e-type=\"container\" data-settings=\"{&quot;background_background&quot;:&quot;classic&quot;}\">\n\t\t\t\t\t<div class=\"e-con-inner\">\n\t\t\t\t<div class=\"elementor-element elementor-element-693a8f4 elementor-widget elementor-widget-heading\" data-id=\"693a8f4\" data-element_type=\"widget\" data-e-type=\"widget\" data-widget_type=\"heading.default\">\n\t\t\t\t\t<h2 class=\"elementor-heading-title elementor-size-default\"><b>Substrate Production<\/b><br><br>A system that enables greater precision in crop management, better control and improved uniformity to sustain productivity and quality.<\/h2>\t\t\t\t<\/div>\n\t\t\t\t\t<\/div>\n\t\t\t\t<\/div>\n\t\t\t\t<\/div>\n\t\t<div id=\"e-n-tab-content-339098883\" role=\"tabpanel\" aria-labelledby=\"e-n-tab-title-339098883\" data-tab-index=\"3\" style=\"--n-tabs-title-order: 3;\" class=\"elementor-element elementor-element-a72ade4 e-con-full e-flex e-con e-child\" data-id=\"a72ade4\" data-element_type=\"container\" data-e-type=\"container\">\n\t\t<div class=\"elementor-element elementor-element-49417b4 e-flex e-con-boxed e-con e-child\" data-id=\"49417b4\" data-element_type=\"container\" data-e-type=\"container\" data-settings=\"{&quot;background_background&quot;:&quot;classic&quot;}\">\n\t\t\t\t\t<div class=\"e-con-inner\">\n\t\t\t\t<div class=\"elementor-element elementor-element-4e405c4 elementor-widget elementor-widget-heading\" data-id=\"4e405c4\" data-element_type=\"widget\" data-e-type=\"widget\" data-widget_type=\"heading.default\">\n\t\t\t\t\t<h2 class=\"elementor-heading-title elementor-size-default\"><b>Water Efficiency<br><\/b><br>We optimize water use through technified irrigation and field monitoring to apply what is needed, when required.<\/h2>\t\t\t\t<\/div>\n\t\t\t\t\t<\/div>\n\t\t\t\t<\/div>\n\t\t\t\t<\/div>\n\t\t<div id=\"e-n-tab-content-339098884\" role=\"tabpanel\" aria-labelledby=\"e-n-tab-title-339098884\" data-tab-index=\"4\" style=\"--n-tabs-title-order: 4;\" class=\"elementor-element elementor-element-fe8d937 e-con-full e-flex e-con e-child\" data-id=\"fe8d937\" data-element_type=\"container\" data-e-type=\"container\">\n\t\t<div class=\"elementor-element elementor-element-913d525 e-flex e-con-boxed e-con e-child\" data-id=\"913d525\" data-element_type=\"container\" data-e-type=\"container\" data-settings=\"{&quot;background_background&quot;:&quot;classic&quot;}\">\n\t\t\t\t\t<div class=\"e-con-inner\">\n\t\t\t\t<div class=\"elementor-element elementor-element-face5c9 elementor-widget elementor-widget-heading\" data-id=\"face5c9\" data-element_type=\"widget\" data-e-type=\"widget\" data-widget_type=\"heading.default\">\n\t\t\t\t\t<h2 class=\"elementor-heading-title elementor-size-default\"><b>Traceability<br><\/b><br>We ensure process control and record-keeping to support food safety and transparency from the field through dispatch.<\/h2>\t\t\t\t<\/div>\n\t\t\t\t\t<\/div>\n\t\t\t\t<\/div>\n\t\t\t\t<\/div>\n\t\t<div id=\"e-n-tab-content-339098885\" role=\"tabpanel\" aria-labelledby=\"e-n-tab-title-339098885\" data-tab-index=\"5\" style=\"--n-tabs-title-order: 5;\" class=\"elementor-element elementor-element-f0b2d43 e-con-full e-flex e-con e-child\" data-id=\"f0b2d43\" data-element_type=\"container\" data-e-type=\"container\">\n\t\t<div class=\"elementor-element elementor-element-8eb573e e-flex e-con-boxed e-con e-child\" data-id=\"8eb573e\" data-element_type=\"container\" data-e-type=\"container\" data-settings=\"{&quot;background_background&quot;:&quot;classic&quot;}\">\n\t\t\t\t\t<div class=\"e-con-inner\">\n\t\t\t\t<div class=\"elementor-element elementor-element-37adbfa elementor-widget elementor-widget-heading\" data-id=\"37adbfa\" data-element_type=\"widget\" data-e-type=\"widget\" data-widget_type=\"heading.default\">\n\t\t\t\t\t<h2 class=\"elementor-heading-title elementor-size-default\"><b>Good Agricultural Practices<br><\/b><br>We apply technical procedures and operational discipline to guarantee responsible crop and resource management.<\/h2>\t\t\t\t<\/div>\n\t\t\t\t\t<\/div>\n\t\t\t\t<\/div>\n\t\t\t\t<\/div>\n\t\t\t\t\t<\/div>\n\t\t<\/div>\n\t\t\t\t\t\t<\/div>\n\t\t\t\t<div class=\"elementor-element elementor-element-66ce175 elementor-widget elementor-widget-spacer\" data-id=\"66ce175\" data-element_type=\"widget\" data-e-type=\"widget\" data-widget_type=\"spacer.default\">\n\t\t\t\t\t\t\t<div class=\"elementor-spacer\">\n\t\t\t<div class=\"elementor-spacer-inner\"><\/div>\n\t\t<\/div>\n\t\t\t\t\t\t<\/div>\n\t\t\t\t\t<\/div>\n\t\t\t\t<\/div>\n\t\t\t\t<\/div>\n\t\t\t\t<\/div>","protected":false},"excerpt":{"rendered":"<p>AR\u00c1NDANOS En nuestra operaci\u00f3n de ar\u00e1ndanos cultivamos con un enfoque de sostenibilidad, eficiencia y calidad. Producimos en sustrato, lo que nos permite un manejo m\u00e1s preciso del riego y la nutrici\u00f3n, mejorando la uniformidad del cultivo y la consistencia de la fruta. Implementamos monitoreo permanente en campo y buenas pr\u00e1cticas agr\u00edcolas para proteger la planta [&hellip;]<\/p>\n","protected":false},"author":1,"featured_media":0,"parent":0,"menu_order":0,"comment_status":"closed","ping_status":"closed","template":"elementor_header_footer","meta":{"footnotes":""},"class_list":["post-1596","page","type-page","status-publish","hentry"],"_links":{"self":[{"href":"https:\/\/pacificorigins.com\/en\/wp-json\/wp\/v2\/pages\/1596","targetHints":{"allow":["GET"]}}],"collection":[{"href":"https:\/\/pacificorigins.com\/en\/wp-json\/wp\/v2\/pages"}],"about":[{"href":"https:\/\/pacificorigins.com\/en\/wp-json\/wp\/v2\/types\/page"}],"author":[{"embeddable":true,"href":"https:\/\/pacificorigins.com\/en\/wp-json\/wp\/v2\/users\/1"}],"replies":[{"embeddable":true,"href":"https:\/\/pacificorigins.com\/en\/wp-json\/wp\/v2\/comments?post=1596"}],"version-history":[{"count":52,"href":"https:\/\/pacificorigins.com\/en\/wp-json\/wp\/v2\/pages\/1596\/revisions"}],"predecessor-version":[{"id":2310,"href":"https:\/\/pacificorigins.com\/en\/wp-json\/wp\/v2\/pages\/1596\/revisions\/2310"}],"wp:attachment":[{"href":"https:\/\/pacificorigins.com\/en\/wp-json\/wp\/v2\/media?parent=1596"}],"curies":[{"name":"wp","href":"https:\/\/api.w.org\/{rel}","templated":true}]}}