{"id":1623,"date":"2026-01-07T20:15:21","date_gmt":"2026-01-07T20:15:21","guid":{"rendered":"https:\/\/pacificorigins.com\/?page_id=1623"},"modified":"2026-04-13T11:57:16","modified_gmt":"2026-04-13T11:57:16","slug":"pitahaya-roja","status":"publish","type":"page","link":"https:\/\/pacificorigins.com\/en\/pitahaya-roja\/","title":{"rendered":"Pitahaya roja"},"content":{"rendered":"<div data-elementor-type=\"wp-page\" data-elementor-id=\"1623\" class=\"elementor elementor-1623\">\n\t\t\t\t<div class=\"elementor-element elementor-element-b2c3a80 e-flex e-con-boxed e-con e-parent\" data-id=\"b2c3a80\" data-element_type=\"container\" data-e-type=\"container\" data-settings=\"{&quot;background_background&quot;:&quot;video&quot;,&quot;background_video_link&quot;:&quot;https:\\\/\\\/pacificorigins.com\\\/wp-content\\\/uploads\\\/2026\\\/04\\\/VIDEO-BANNER-PITAHAYAS-n.mp4&quot;,&quot;background_play_on_mobile&quot;:&quot;yes&quot;}\">\n\t\t\t\t\t<div class=\"e-con-inner\">\n\t\t<div class=\"elementor-background-video-container\">\n\t\t\t\t\t\t\t<video class=\"elementor-background-video-hosted\" role=\"presentation\" autoplay muted playsinline loop><\/video>\n\t\t\t\t\t<\/div>\t\t<div class=\"elementor-element elementor-element-910ef5f elementor-widget elementor-widget-heading\" data-id=\"910ef5f\" data-element_type=\"widget\" data-e-type=\"widget\" data-widget_type=\"heading.default\">\n\t\t\t\t\t<h2 class=\"elementor-heading-title elementor-size-default\">RED AND YELLOW DRAGON FRUIT<\/h2>\t\t\t\t<\/div>\n\t\t\t\t\t<\/div>\n\t\t\t\t<\/div>\n\t\t<div class=\"elementor-element elementor-element-c410a7d e-con-full e-flex e-con e-parent\" data-id=\"c410a7d\" data-element_type=\"container\" data-e-type=\"container\" data-settings=\"{&quot;background_background&quot;:&quot;classic&quot;}\">\n\t\t<div class=\"elementor-element elementor-element-8498c73 e-flex e-con-boxed e-con e-child\" data-id=\"8498c73\" data-element_type=\"container\" data-e-type=\"container\">\n\t\t\t\t\t<div class=\"e-con-inner\">\n\t\t<div class=\"elementor-element elementor-element-959169a e-con-full e-flex e-con e-child\" data-id=\"959169a\" data-element_type=\"container\" data-e-type=\"container\">\n\t\t\t\t<div class=\"elementor-element elementor-element-ec161cc elementor-widget elementor-widget-heading\" data-id=\"ec161cc\" data-element_type=\"widget\" data-e-type=\"widget\" data-widget_type=\"heading.default\">\n\t\t\t\t\t<h2 class=\"elementor-heading-title elementor-size-default\">In our <b>dragon fruit operation<\/b> , we cultivate with a focus on sustainability, efficiency and quality. We implement technical crop management practices aimed at maintaining balanced plants and uniform fruit, carefully overseeing every stage from flowering to harvest.<\/h2>\t\t\t\t<\/div>\n\t\t\t\t<div class=\"elementor-element elementor-element-57b0b4b elementor-widget elementor-widget-spacer\" data-id=\"57b0b4b\" data-element_type=\"widget\" data-e-type=\"widget\" data-widget_type=\"spacer.default\">\n\t\t\t\t\t\t\t<div class=\"elementor-spacer\">\n\t\t\t<div class=\"elementor-spacer-inner\"><\/div>\n\t\t<\/div>\n\t\t\t\t\t\t<\/div>\n\t\t\t\t<div class=\"elementor-element elementor-element-9a0e051 elementor-widget elementor-widget-heading\" data-id=\"9a0e051\" data-element_type=\"widget\" data-e-type=\"widget\" data-widget_type=\"heading.default\">\n\t\t\t\t\t<h2 class=\"elementor-heading-title elementor-size-default\">We place special emphasis on <b>pollination<\/b>, phytosanitary management and harvest quality control to ensure fruit with excellent condition, appearance and shelf life. Our processes are aligned with international standards and supported by certifications such as <b>GlobalG.A.P.<\/b> and <b>BASC<\/b>, strengthening <b>food safety, traceability and security throughout<\/b> the entire operation.<\/h2>\t\t\t\t<\/div>\n\t\t\t\t<div class=\"elementor-element elementor-element-2d9f5ac elementor-widget elementor-widget-spacer\" data-id=\"2d9f5ac\" data-element_type=\"widget\" data-e-type=\"widget\" data-widget_type=\"spacer.default\">\n\t\t\t\t\t\t\t<div class=\"elementor-spacer\">\n\t\t\t<div class=\"elementor-spacer-inner\"><\/div>\n\t\t<\/div>\n\t\t\t\t\t\t<\/div>\n\t\t\t\t<div class=\"elementor-element elementor-element-d0d772c elementor-widget elementor-widget-heading\" data-id=\"d0d772c\" data-element_type=\"widget\" data-e-type=\"widget\" data-widget_type=\"heading.default\">\n\t\t\t\t\t<h2 class=\"elementor-heading-title elementor-size-default\">In addition, we promote efficient water use and responsible management of  supplies and waste, creating value for our team members and for the communities connected to our production chain.<\/h2>\t\t\t\t<\/div>\n\t\t\t\t<\/div>\n\t\t\t\t<div class=\"elementor-element elementor-element-08cb432 e-n-tabs-mobile elementor-widget elementor-widget-n-tabs\" data-id=\"08cb432\" data-element_type=\"widget\" data-e-type=\"widget\" data-settings=\"{&quot;horizontal_scroll&quot;:&quot;disable&quot;}\" data-widget_type=\"nested-tabs.default\">\n\t\t\t\t\t\t\t<div class=\"e-n-tabs\" data-widget-number=\"9221170\" aria-label=\"Tabs. Open items with Enter or Space, close with Escape and navigate using the Arrow keys.\">\n\t\t\t<div class=\"e-n-tabs-heading\" role=\"tablist\">\n\t\t\t\t\t<button id=\"e-n-tab-title-92211701\" data-tab-title-id=\"e-n-tab-title-92211701\" class=\"e-n-tab-title\" aria-selected=\"true\" data-tab-index=\"1\" role=\"tab\" tabindex=\"0\" aria-controls=\"e-n-tab-content-92211701\" style=\"--n-tabs-title-order: 1;\">\n\t\t\t\t\t\t<span class=\"e-n-tab-title-text\">\n\t\t\t\tQuality and Maturity\t\t\t<\/span>\n\t\t<\/button>\n\t\t\t\t<button id=\"e-n-tab-title-92211702\" data-tab-title-id=\"e-n-tab-title-92211702\" class=\"e-n-tab-title\" aria-selected=\"false\" data-tab-index=\"2\" role=\"tab\" tabindex=\"-1\" aria-controls=\"e-n-tab-content-92211702\" style=\"--n-tabs-title-order: 2;\">\n\t\t\t\t\t\t<span class=\"e-n-tab-title-text\">\n\t\t\t\tpollination\t\t\t<\/span>\n\t\t<\/button>\n\t\t\t\t<button id=\"e-n-tab-title-92211703\" data-tab-title-id=\"e-n-tab-title-92211703\" class=\"e-n-tab-title\" aria-selected=\"false\" data-tab-index=\"3\" role=\"tab\" tabindex=\"-1\" aria-controls=\"e-n-tab-content-92211703\" style=\"--n-tabs-title-order: 3;\">\n\t\t\t\t\t\t<span class=\"e-n-tab-title-text\">\n\t\t\t\tCrop Management\t\t\t<\/span>\n\t\t<\/button>\n\t\t\t\t<button id=\"e-n-tab-title-92211704\" data-tab-title-id=\"e-n-tab-title-92211704\" class=\"e-n-tab-title\" aria-selected=\"false\" data-tab-index=\"4\" role=\"tab\" tabindex=\"-1\" aria-controls=\"e-n-tab-content-92211704\" style=\"--n-tabs-title-order: 4;\">\n\t\t\t\t\t\t<span class=\"e-n-tab-title-text\">\n\t\t\t\tWater Efficiency\t\t\t<\/span>\n\t\t<\/button>\n\t\t\t\t<button id=\"e-n-tab-title-92211705\" data-tab-title-id=\"e-n-tab-title-92211705\" class=\"e-n-tab-title\" aria-selected=\"false\" data-tab-index=\"5\" role=\"tab\" tabindex=\"-1\" aria-controls=\"e-n-tab-content-92211705\" style=\"--n-tabs-title-order: 5;\">\n\t\t\t\t\t\t<span class=\"e-n-tab-title-text\">\n\t\t\t\tTraceability\t\t\t<\/span>\n\t\t<\/button>\n\t\t\t\t\t<\/div>\n\t\t\t<div class=\"e-n-tabs-content\">\n\t\t\t\t<div id=\"e-n-tab-content-92211701\" role=\"tabpanel\" aria-labelledby=\"e-n-tab-title-92211701\" data-tab-index=\"1\" style=\"--n-tabs-title-order: 1;\" class=\"e-active elementor-element elementor-element-b07822e e-con-full e-flex e-con e-child\" data-id=\"b07822e\" data-element_type=\"container\" data-e-type=\"container\">\n\t\t<div class=\"elementor-element elementor-element-e4686eb e-flex e-con-boxed e-con e-child\" data-id=\"e4686eb\" data-element_type=\"container\" data-e-type=\"container\" data-settings=\"{&quot;background_background&quot;:&quot;classic&quot;}\">\n\t\t\t\t\t<div class=\"e-con-inner\">\n\t\t\t\t<div class=\"elementor-element elementor-element-e432856 elementor-widget elementor-widget-heading\" data-id=\"e432856\" data-element_type=\"widget\" data-e-type=\"widget\" data-widget_type=\"heading.default\">\n\t\t\t\t\t<h2 class=\"elementor-heading-title elementor-size-default\"><b>Quality and Maturity<\/b><br><br>We define harvest criteria to ensure fruit with excellent appearance, firmness and condition, while maintaining consistency in sizes and shelf life for different markets.<\/h2>\t\t\t\t<\/div>\n\t\t\t\t\t<\/div>\n\t\t\t\t<\/div>\n\t\t\t\t<\/div>\n\t\t<div id=\"e-n-tab-content-92211702\" role=\"tabpanel\" aria-labelledby=\"e-n-tab-title-92211702\" data-tab-index=\"2\" style=\"--n-tabs-title-order: 2;\" class=\"elementor-element elementor-element-0750780 e-con-full e-flex e-con e-child\" data-id=\"0750780\" data-element_type=\"container\" data-e-type=\"container\">\n\t\t<div class=\"elementor-element elementor-element-9b288e2 e-flex e-con-boxed e-con e-child\" data-id=\"9b288e2\" data-element_type=\"container\" data-e-type=\"container\" data-settings=\"{&quot;background_background&quot;:&quot;classic&quot;}\">\n\t\t\t\t\t<div class=\"e-con-inner\">\n\t\t\t\t<div class=\"elementor-element elementor-element-bb71915 elementor-widget elementor-widget-heading\" data-id=\"bb71915\" data-element_type=\"widget\" data-e-type=\"widget\" data-widget_type=\"heading.default\">\n\t\t\t\t\t<h2 class=\"elementor-heading-title elementor-size-default\"><b>Pollination<br><\/b><br>We manage pollination during critical flowering stages to improve fruit set and uniformity, ensuring process efficiency and the final quality of the fruit.<\/h2>\t\t\t\t<\/div>\n\t\t\t\t\t<\/div>\n\t\t\t\t<\/div>\n\t\t\t\t<\/div>\n\t\t<div id=\"e-n-tab-content-92211703\" role=\"tabpanel\" aria-labelledby=\"e-n-tab-title-92211703\" data-tab-index=\"3\" style=\"--n-tabs-title-order: 3;\" class=\"elementor-element elementor-element-4c1eb4d e-con-full e-flex e-con e-child\" data-id=\"4c1eb4d\" data-element_type=\"container\" data-e-type=\"container\">\n\t\t<div class=\"elementor-element elementor-element-8ef588f e-flex e-con-boxed e-con e-child\" data-id=\"8ef588f\" data-element_type=\"container\" data-e-type=\"container\" data-settings=\"{&quot;background_background&quot;:&quot;classic&quot;}\">\n\t\t\t\t\t<div class=\"e-con-inner\">\n\t\t\t\t<div class=\"elementor-element elementor-element-feec1e7 elementor-widget elementor-widget-heading\" data-id=\"feec1e7\" data-element_type=\"widget\" data-e-type=\"widget\" data-widget_type=\"heading.default\">\n\t\t\t\t\t<h2 class=\"elementor-heading-title elementor-size-default\"><b>Crop Management<br><\/b><br>We apply training, pruning, nutrition and phytosanitary monitoring practices to maintain balanced plants, reduce risks and sustain productivity with a strong focus on quality.<\/h2>\t\t\t\t<\/div>\n\t\t\t\t\t<\/div>\n\t\t\t\t<\/div>\n\t\t\t\t<\/div>\n\t\t<div id=\"e-n-tab-content-92211704\" role=\"tabpanel\" aria-labelledby=\"e-n-tab-title-92211704\" data-tab-index=\"4\" style=\"--n-tabs-title-order: 4;\" class=\"elementor-element elementor-element-2e9956b e-con-full e-flex e-con e-child\" data-id=\"2e9956b\" data-element_type=\"container\" data-e-type=\"container\">\n\t\t<div class=\"elementor-element elementor-element-c6ea0c2 e-flex e-con-boxed e-con e-child\" data-id=\"c6ea0c2\" data-element_type=\"container\" data-e-type=\"container\" data-settings=\"{&quot;background_background&quot;:&quot;classic&quot;}\">\n\t\t\t\t\t<div class=\"e-con-inner\">\n\t\t\t\t<div class=\"elementor-element elementor-element-0acdddc elementor-widget elementor-widget-heading\" data-id=\"0acdddc\" data-element_type=\"widget\" data-e-type=\"widget\" data-widget_type=\"heading.default\">\n\t\t\t\t\t<h2 class=\"elementor-heading-title elementor-size-default\"><b>Water Efficiency<\/b><br><br>We optimize water use through technified irrigation and field monitoring to apply only what is necessary, prioritizing crop stability and the responsible use of resources.<\/h2>\t\t\t\t<\/div>\n\t\t\t\t\t<\/div>\n\t\t\t\t<\/div>\n\t\t\t\t<\/div>\n\t\t<div id=\"e-n-tab-content-92211705\" role=\"tabpanel\" aria-labelledby=\"e-n-tab-title-92211705\" data-tab-index=\"5\" style=\"--n-tabs-title-order: 5;\" class=\"elementor-element elementor-element-0bb72d8 e-con-full e-flex e-con e-child\" data-id=\"0bb72d8\" data-element_type=\"container\" data-e-type=\"container\">\n\t\t<div class=\"elementor-element elementor-element-8ff2c11 e-flex e-con-boxed e-con e-child\" data-id=\"8ff2c11\" data-element_type=\"container\" data-e-type=\"container\" data-settings=\"{&quot;background_background&quot;:&quot;classic&quot;}\">\n\t\t\t\t\t<div class=\"e-con-inner\">\n\t\t\t\t<div class=\"elementor-element elementor-element-7025b9e elementor-widget elementor-widget-heading\" data-id=\"7025b9e\" data-element_type=\"widget\" data-e-type=\"widget\" data-widget_type=\"heading.default\">\n\t\t\t\t\t<h2 class=\"elementor-heading-title elementor-size-default\"><b>Traceability<br><\/b><br>We ensure process control and record-keeping to support food safety and transparency, from the field through packing and dispatch operations.<\/h2>\t\t\t\t<\/div>\n\t\t\t\t\t<\/div>\n\t\t\t\t<\/div>\n\t\t\t\t<\/div>\n\t\t\t\t\t<\/div>\n\t\t<\/div>\n\t\t\t\t\t\t<\/div>\n\t\t\t\t<div class=\"elementor-element elementor-element-e2a3d63 elementor-widget elementor-widget-spacer\" data-id=\"e2a3d63\" data-element_type=\"widget\" data-e-type=\"widget\" data-widget_type=\"spacer.default\">\n\t\t\t\t\t\t\t<div class=\"elementor-spacer\">\n\t\t\t<div class=\"elementor-spacer-inner\"><\/div>\n\t\t<\/div>\n\t\t\t\t\t\t<\/div>\n\t\t\t\t\t<\/div>\n\t\t\t\t<\/div>\n\t\t\t\t<\/div>\n\t\t\t\t<\/div>","protected":false},"excerpt":{"rendered":"<p>PITAHAYA ROJA Y AMARILLA En nuestra operaci\u00f3n de pitahaya cultivamos con un enfoque de sostenibilidad, eficiencia y calidad. Implementamos manejo t\u00e9cnico del cultivo con pr\u00e1cticas orientadas a mantener plantas balanceadas y fruta uniforme, cuidando cada etapa desde la floraci\u00f3n hasta la cosecha. Ponemos especial atenci\u00f3n a la polinizaci\u00f3n, el manejo sanitario y el control de [&hellip;]<\/p>\n","protected":false},"author":1,"featured_media":0,"parent":0,"menu_order":0,"comment_status":"closed","ping_status":"closed","template":"elementor_header_footer","meta":{"footnotes":""},"class_list":["post-1623","page","type-page","status-publish","hentry"],"_links":{"self":[{"href":"https:\/\/pacificorigins.com\/en\/wp-json\/wp\/v2\/pages\/1623","targetHints":{"allow":["GET"]}}],"collection":[{"href":"https:\/\/pacificorigins.com\/en\/wp-json\/wp\/v2\/pages"}],"about":[{"href":"https:\/\/pacificorigins.com\/en\/wp-json\/wp\/v2\/types\/page"}],"author":[{"embeddable":true,"href":"https:\/\/pacificorigins.com\/en\/wp-json\/wp\/v2\/users\/1"}],"replies":[{"embeddable":true,"href":"https:\/\/pacificorigins.com\/en\/wp-json\/wp\/v2\/comments?post=1623"}],"version-history":[{"count":34,"href":"https:\/\/pacificorigins.com\/en\/wp-json\/wp\/v2\/pages\/1623\/revisions"}],"predecessor-version":[{"id":2304,"href":"https:\/\/pacificorigins.com\/en\/wp-json\/wp\/v2\/pages\/1623\/revisions\/2304"}],"wp:attachment":[{"href":"https:\/\/pacificorigins.com\/en\/wp-json\/wp\/v2\/media?parent=1623"}],"curies":[{"name":"wp","href":"https:\/\/api.w.org\/{rel}","templated":true}]}}